{"id":33,"date":"2025-01-14T12:55:48","date_gmt":"2025-01-14T12:55:48","guid":{"rendered":"http:\/\/stage.hsu-innovationhub.de\/?page_id=33"},"modified":"2025-05-14T12:22:24","modified_gmt":"2025-05-14T12:22:24","slug":"netzwerk","status":"publish","type":"page","link":"https:\/\/stage.hsu-innovationhub.de\/en\/netzwerk\/","title":{"rendered":"Netzwerk"},"content":{"rendered":"<p>Innovativen und unternehmerischen K\u00f6pfen der HSU stehen zahlreiche Angebote aus einem vitalen Ecosystem zur Verf\u00fcgung. Dieses Innovation Network ist Teil des HSU Innovation Hub und \u00fcber diesen zug\u00e4nglich. Folgende Partner sind derzeit Teil des Innovation Network: <a href=\"https:\/\/openlab-hamburg.de\/\">OpenLab<\/a>, <a href=\"https:\/\/www.fabcity.hamburg\/\">Fab City<\/a> und <a href=\"https:\/\/newproductioninstitute.de\/\">New Production Institute<\/a> unterst\u00fctzen bei Prototyping und Produktion, <a href=\"https:\/\/hamburginnovation.de\/\">Hamburg Innovation<\/a> und insbesondere die <a href=\"https:\/\/tutech.de\/\">Tutech<\/a> ber\u00e4t zu Fragen des Intellectual Property, der <a href=\"https:\/\/startupport.de\/\">Startup Port<\/a> erm\u00f6glicht Zug\u00e4nge zu Entrepreneurship-Education und zu einem breiten Netzwerk von Firmen und Universit\u00e4ten, der <a href=\"https:\/\/www.aistartuphub.com\/\">AI STARTUP HUB<\/a> ist Partner bei Ideen und Spinoffs im Bereich k\u00fcnstliche Intelligenz und der <a href=\"https:\/\/www.digitalhub.hamburg\/\">Digital Hub Logistics &amp; Commerce<\/a> unterst\u00fctzt in ebendiesen Branchen. Das Netzwerk wird stetig ausgebaut und um weitere Zug\u00e4nge zu notwendigen Ressourcen erweitert.<\/p>\n\n\n\n<p><\/p>","protected":false},"excerpt":{"rendered":"<p>Innovativen und unternehmerischen K\u00f6pfen der HSU stehen zahlreiche Angebote aus einem vitalen Ecosystem zur Verf\u00fcgung. Dieses Innovation Network ist Teil des HSU Innovation Hub und \u00fcber diesen zug\u00e4nglich. Folgende Partner [&hellip;]<\/p>","protected":false},"author":1,"featured_media":0,"parent":0,"menu_order":0,"comment_status":"closed","ping_status":"closed","template":"","meta":{"_acf_changed":false,"footnotes":""},"class_list":["post-33","page","type-page","status-publish","hentry"],"acf":[],"_links":{"self":[{"href":"https:\/\/stage.hsu-innovationhub.de\/en\/wp-json\/wp\/v2\/pages\/33","targetHints":{"allow":["GET"]}}],"collection":[{"href":"https:\/\/stage.hsu-innovationhub.de\/en\/wp-json\/wp\/v2\/pages"}],"about":[{"href":"https:\/\/stage.hsu-innovationhub.de\/en\/wp-json\/wp\/v2\/types\/page"}],"author":[{"embeddable":true,"href":"https:\/\/stage.hsu-innovationhub.de\/en\/wp-json\/wp\/v2\/users\/1"}],"replies":[{"embeddable":true,"href":"https:\/\/stage.hsu-innovationhub.de\/en\/wp-json\/wp\/v2\/comments?post=33"}],"version-history":[{"count":4,"href":"https:\/\/stage.hsu-innovationhub.de\/en\/wp-json\/wp\/v2\/pages\/33\/revisions"}],"predecessor-version":[{"id":276,"href":"https:\/\/stage.hsu-innovationhub.de\/en\/wp-json\/wp\/v2\/pages\/33\/revisions\/276"}],"wp:attachment":[{"href":"https:\/\/stage.hsu-innovationhub.de\/en\/wp-json\/wp\/v2\/media?parent=33"}],"curies":[{"name":"wp","href":"https:\/\/api.w.org\/{rel}","templated":true}]}}