{"id":29,"date":"2025-01-14T12:55:26","date_gmt":"2025-01-14T12:55:26","guid":{"rendered":"http:\/\/stage.hsu-innovationhub.de\/?page_id=29"},"modified":"2025-06-02T12:44:05","modified_gmt":"2025-06-02T12:44:05","slug":"ueber-uns","status":"publish","type":"page","link":"https:\/\/stage.hsu-innovationhub.de\/en\/ueber-uns\/","title":{"rendered":"\u00dcber uns"},"content":{"rendered":"<p>Wir vom HIH unterst\u00fctzen Innovierende an der HSU ihre innovativen Ideen und Technologien zu verwerten und zu sch\u00fctzen. Der HSU Innovation Hub ist zentraler Ort und Ansprechpartner f\u00fcr Forschende und Studierende der HSU und f\u00fcr interessierte Externe \u2013 vornehmlich die Bundeswehr, Unternehmen, Forschungseinrichtungen und staatliche Institutionen. Hier werden Innovierende f\u00fcr Unternehmertum sensibilisiert, Potentiale identifiziert, Ideen zu Gr\u00fcndungsprojekten weiterentwickelt und der Verwertungsprozess begleitet. Zudem versteht sich der HSU Innovation Hub als Bindeglied zwischen Innovierenden der HSU und Institutionen aus Wirtschaft und Gesellschaft. Der Hub unterst\u00fctzt in den Bereichen Wissens- und Technologietransfer, Gr\u00fcndungsmanagement sowie im Kooperationsmanagement.<\/p>\n\n\n\n<h2 class=\"wp-block-heading\">Kernteam<\/h2>\n\n\n\n<div class=\"wp-block-columns is-layout-flex wp-container-core-columns-is-layout-9d6595d7 wp-block-columns-is-layout-flex\">\n<div class=\"wp-block-column is-layout-flow wp-block-column-is-layout-flow\">\n<figure class=\"wp-block-image size-full\"><img loading=\"lazy\" decoding=\"async\" width=\"1024\" height=\"683\" src=\"http:\/\/stage.hsu-innovationhub.de\/wp-content\/uploads\/2025\/06\/moritz.jpg\" alt=\"\" class=\"wp-image-283\" style=\"object-fit:cover\" srcset=\"https:\/\/stage.hsu-innovationhub.de\/wp-content\/uploads\/2025\/06\/moritz.jpg 1024w, https:\/\/stage.hsu-innovationhub.de\/wp-content\/uploads\/2025\/06\/moritz-300x200.jpg 300w, https:\/\/stage.hsu-innovationhub.de\/wp-content\/uploads\/2025\/06\/moritz-768x512.jpg 768w\" sizes=\"auto, (max-width: 1024px) 100vw, 1024px\" \/><\/figure>\n<\/div>\n\n\n\n<div class=\"wp-block-column is-layout-flow wp-block-column-is-layout-flow\">\n<figure class=\"wp-block-image size-full\"><img loading=\"lazy\" decoding=\"async\" width=\"1024\" height=\"683\" src=\"http:\/\/stage.hsu-innovationhub.de\/wp-content\/uploads\/2025\/06\/simon.jpg\" alt=\"\" class=\"wp-image-282\" srcset=\"https:\/\/stage.hsu-innovationhub.de\/wp-content\/uploads\/2025\/06\/simon.jpg 1024w, https:\/\/stage.hsu-innovationhub.de\/wp-content\/uploads\/2025\/06\/simon-300x200.jpg 300w, https:\/\/stage.hsu-innovationhub.de\/wp-content\/uploads\/2025\/06\/simon-768x512.jpg 768w\" sizes=\"auto, (max-width: 1024px) 100vw, 1024px\" \/><\/figure>\n<\/div>\n<\/div>\n\n\n\n<div class=\"wp-block-columns is-layout-flex wp-container-core-columns-is-layout-9d6595d7 wp-block-columns-is-layout-flex\">\n<div class=\"wp-block-column is-layout-flow wp-block-column-is-layout-flow\"><\/div>\n\n\n\n<div class=\"wp-block-column is-layout-flow wp-block-column-is-layout-flow\"><\/div>\n<\/div>","protected":false},"excerpt":{"rendered":"<p>Wir vom HIH unterst\u00fctzen Innovierende an der HSU ihre innovativen Ideen und Technologien zu verwerten und zu sch\u00fctzen. Der HSU Innovation Hub ist zentraler Ort und Ansprechpartner f\u00fcr Forschende und [&hellip;]<\/p>","protected":false},"author":1,"featured_media":0,"parent":0,"menu_order":0,"comment_status":"closed","ping_status":"closed","template":"","meta":{"_acf_changed":false,"footnotes":""},"class_list":["post-29","page","type-page","status-publish","hentry"],"acf":[],"_links":{"self":[{"href":"https:\/\/stage.hsu-innovationhub.de\/en\/wp-json\/wp\/v2\/pages\/29","targetHints":{"allow":["GET"]}}],"collection":[{"href":"https:\/\/stage.hsu-innovationhub.de\/en\/wp-json\/wp\/v2\/pages"}],"about":[{"href":"https:\/\/stage.hsu-innovationhub.de\/en\/wp-json\/wp\/v2\/types\/page"}],"author":[{"embeddable":true,"href":"https:\/\/stage.hsu-innovationhub.de\/en\/wp-json\/wp\/v2\/users\/1"}],"replies":[{"embeddable":true,"href":"https:\/\/stage.hsu-innovationhub.de\/en\/wp-json\/wp\/v2\/comments?post=29"}],"version-history":[{"count":16,"href":"https:\/\/stage.hsu-innovationhub.de\/en\/wp-json\/wp\/v2\/pages\/29\/revisions"}],"predecessor-version":[{"id":287,"href":"https:\/\/stage.hsu-innovationhub.de\/en\/wp-json\/wp\/v2\/pages\/29\/revisions\/287"}],"wp:attachment":[{"href":"https:\/\/stage.hsu-innovationhub.de\/en\/wp-json\/wp\/v2\/media?parent=29"}],"curies":[{"name":"wp","href":"https:\/\/api.w.org\/{rel}","templated":true}]}}